{"id":428,"date":"2024-07-09T15:24:29","date_gmt":"2024-07-09T15:24:29","guid":{"rendered":"https:\/\/www.derbyshiredomesticabusehelpline.co.uk\/?page_id=428"},"modified":"2024-07-19T13:09:55","modified_gmt":"2024-07-19T13:09:55","slug":"pet-safety","status":"publish","type":"page","link":"https:\/\/www.derbyshiredomesticabusehelpline.co.uk\/pl\/safety\/pet-safety\/","title":{"rendered":"Bezpiecze\u0144stwo zwierz\u0105t domowych"},"content":{"rendered":"","protected":false},"excerpt":{"rendered":"<p>Projekt Freedom, zainicjowany przez Dogs Trust w 2004 roku, zapewnia niezb\u0119dn\u0105 pomoc osobom uciekaj\u0105cym przed przemoc\u0105 domow\u0105, oferuj\u0105c tymczasow\u0105 opiek\u0119 zast\u0119pcz\u0105 dla ich ps\u00f3w. <\/p>","protected":false},"author":1,"featured_media":495,"parent":360,"menu_order":0,"comment_status":"closed","ping_status":"closed","template":"","meta":{"footnotes":""},"class_list":["post-428","page","type-page","status-publish","has-post-thumbnail","hentry"],"meta_box":[],"_links":{"self":[{"href":"https:\/\/www.derbyshiredomesticabusehelpline.co.uk\/pl\/wp-json\/wp\/v2\/pages\/428","targetHints":{"allow":["GET"]}}],"collection":[{"href":"https:\/\/www.derbyshiredomesticabusehelpline.co.uk\/pl\/wp-json\/wp\/v2\/pages"}],"about":[{"href":"https:\/\/www.derbyshiredomesticabusehelpline.co.uk\/pl\/wp-json\/wp\/v2\/types\/page"}],"author":[{"embeddable":true,"href":"https:\/\/www.derbyshiredomesticabusehelpline.co.uk\/pl\/wp-json\/wp\/v2\/users\/1"}],"replies":[{"embeddable":true,"href":"https:\/\/www.derbyshiredomesticabusehelpline.co.uk\/pl\/wp-json\/wp\/v2\/comments?post=428"}],"version-history":[{"count":0,"href":"https:\/\/www.derbyshiredomesticabusehelpline.co.uk\/pl\/wp-json\/wp\/v2\/pages\/428\/revisions"}],"up":[{"embeddable":true,"href":"https:\/\/www.derbyshiredomesticabusehelpline.co.uk\/pl\/wp-json\/wp\/v2\/pages\/360"}],"wp:featuredmedia":[{"embeddable":true,"href":"https:\/\/www.derbyshiredomesticabusehelpline.co.uk\/pl\/wp-json\/wp\/v2\/media\/495"}],"wp:attachment":[{"href":"https:\/\/www.derbyshiredomesticabusehelpline.co.uk\/pl\/wp-json\/wp\/v2\/media?parent=428"}],"curies":[{"name":"wp","href":"https:\/\/api.w.org\/{rel}","templated":true}]}}