{"id":427,"date":"2024-07-09T15:19:19","date_gmt":"2024-07-09T15:19:19","guid":{"rendered":"https:\/\/www.derbyshiredomesticabusehelpline.co.uk\/?page_id=427"},"modified":"2024-07-19T12:46:19","modified_gmt":"2024-07-19T12:46:19","slug":"children-and-domestic-abuse","status":"publish","type":"page","link":"https:\/\/www.derbyshiredomesticabusehelpline.co.uk\/pl\/safety\/children-and-domestic-abuse\/","title":{"rendered":"Dzieci i przemoc domowa"},"content":{"rendered":"","protected":false},"excerpt":{"rendered":"<p>Przemoc domowa obejmuje kontrolowanie, gro\u017cenie lub brutalne zachowania w zwi\u0105zkach, kt\u00f3re maj\u0105 znacz\u0105cy wp\u0142yw zar\u00f3wno na doros\u0142ych, jak i na dzieci. Dzieci nara\u017cone na takie \u015brodowisko maj\u0105 powa\u017cne konsekwencje emocjonalne i fizyczne, z objawami takimi jak agresja, niepok\u00f3j i trudno\u015bci w nauce.<\/p>","protected":false},"author":1,"featured_media":462,"parent":360,"menu_order":0,"comment_status":"closed","ping_status":"closed","template":"","meta":{"footnotes":""},"class_list":["post-427","page","type-page","status-publish","has-post-thumbnail","hentry"],"meta_box":[],"_links":{"self":[{"href":"https:\/\/www.derbyshiredomesticabusehelpline.co.uk\/pl\/wp-json\/wp\/v2\/pages\/427","targetHints":{"allow":["GET"]}}],"collection":[{"href":"https:\/\/www.derbyshiredomesticabusehelpline.co.uk\/pl\/wp-json\/wp\/v2\/pages"}],"about":[{"href":"https:\/\/www.derbyshiredomesticabusehelpline.co.uk\/pl\/wp-json\/wp\/v2\/types\/page"}],"author":[{"embeddable":true,"href":"https:\/\/www.derbyshiredomesticabusehelpline.co.uk\/pl\/wp-json\/wp\/v2\/users\/1"}],"replies":[{"embeddable":true,"href":"https:\/\/www.derbyshiredomesticabusehelpline.co.uk\/pl\/wp-json\/wp\/v2\/comments?post=427"}],"version-history":[{"count":0,"href":"https:\/\/www.derbyshiredomesticabusehelpline.co.uk\/pl\/wp-json\/wp\/v2\/pages\/427\/revisions"}],"up":[{"embeddable":true,"href":"https:\/\/www.derbyshiredomesticabusehelpline.co.uk\/pl\/wp-json\/wp\/v2\/pages\/360"}],"wp:featuredmedia":[{"embeddable":true,"href":"https:\/\/www.derbyshiredomesticabusehelpline.co.uk\/pl\/wp-json\/wp\/v2\/media\/462"}],"wp:attachment":[{"href":"https:\/\/www.derbyshiredomesticabusehelpline.co.uk\/pl\/wp-json\/wp\/v2\/media?parent=427"}],"curies":[{"name":"wp","href":"https:\/\/api.w.org\/{rel}","templated":true}]}}