{"id":394,"date":"2024-07-09T11:02:02","date_gmt":"2024-07-09T11:02:02","guid":{"rendered":"https:\/\/www.derbyshiredomesticabusehelpline.co.uk\/?page_id=394"},"modified":"2024-08-23T12:33:39","modified_gmt":"2024-08-23T12:33:39","slug":"silent-solution","status":"publish","type":"page","link":"https:\/\/www.derbyshiredomesticabusehelpline.co.uk\/pl\/safety\/silent-solution\/","title":{"rendered":"Czym jest system Silent Solution?"},"content":{"rendered":"","protected":false},"excerpt":{"rendered":"<p>System Silent Solution jest niezb\u0119dnym protoko\u0142em wykorzystywanym przez policj\u0119 do pomocy osobom, kt\u00f3re s\u0105 w niebezpiecze\u0144stwie, ale nie mog\u0105 m\u00f3wi\u0107 podczas po\u0142\u0105czenia alarmowego 999. System ten ma kluczowe znaczenie dla filtrowania przypadkowych lub fa\u0142szywych po\u0142\u0105cze\u0144, zapewniaj\u0105c jednocze\u015bnie niezb\u0119dn\u0105 pomoc osobom znajduj\u0105cym si\u0119 w tragicznej sytuacji, kt\u00f3re wymagaj\u0105 interwencji policji.<\/p>","protected":false},"author":1,"featured_media":397,"parent":360,"menu_order":0,"comment_status":"closed","ping_status":"closed","template":"","meta":{"footnotes":""},"class_list":["post-394","page","type-page","status-publish","has-post-thumbnail","hentry"],"meta_box":[],"_links":{"self":[{"href":"https:\/\/www.derbyshiredomesticabusehelpline.co.uk\/pl\/wp-json\/wp\/v2\/pages\/394","targetHints":{"allow":["GET"]}}],"collection":[{"href":"https:\/\/www.derbyshiredomesticabusehelpline.co.uk\/pl\/wp-json\/wp\/v2\/pages"}],"about":[{"href":"https:\/\/www.derbyshiredomesticabusehelpline.co.uk\/pl\/wp-json\/wp\/v2\/types\/page"}],"author":[{"embeddable":true,"href":"https:\/\/www.derbyshiredomesticabusehelpline.co.uk\/pl\/wp-json\/wp\/v2\/users\/1"}],"replies":[{"embeddable":true,"href":"https:\/\/www.derbyshiredomesticabusehelpline.co.uk\/pl\/wp-json\/wp\/v2\/comments?post=394"}],"version-history":[{"count":0,"href":"https:\/\/www.derbyshiredomesticabusehelpline.co.uk\/pl\/wp-json\/wp\/v2\/pages\/394\/revisions"}],"up":[{"embeddable":true,"href":"https:\/\/www.derbyshiredomesticabusehelpline.co.uk\/pl\/wp-json\/wp\/v2\/pages\/360"}],"wp:featuredmedia":[{"embeddable":true,"href":"https:\/\/www.derbyshiredomesticabusehelpline.co.uk\/pl\/wp-json\/wp\/v2\/media\/397"}],"wp:attachment":[{"href":"https:\/\/www.derbyshiredomesticabusehelpline.co.uk\/pl\/wp-json\/wp\/v2\/media?parent=394"}],"curies":[{"name":"wp","href":"https:\/\/api.w.org\/{rel}","templated":true}]}}