{"id":361,"date":"2024-07-09T08:10:50","date_gmt":"2024-07-09T08:10:50","guid":{"rendered":"https:\/\/www.derbyshiredomesticabusehelpline.co.uk\/?page_id=361"},"modified":"2024-07-19T11:36:02","modified_gmt":"2024-07-19T11:36:02","slug":"safety-planning","status":"publish","type":"page","link":"https:\/\/www.derbyshiredomesticabusehelpline.co.uk\/pl\/safety\/safety-planning\/","title":{"rendered":"Opracowanie osobistego planu bezpiecze\u0144stwa"},"content":{"rendered":"","protected":false},"excerpt":{"rendered":"<p>Osobisty plan bezpiecze\u0144stwa jest kluczowym narz\u0119dziem pomagaj\u0105cym chroni\u0107 zar\u00f3wno Ciebie, jak i Twoje dzieci. Przygotowuje ci\u0119 na mo\u017cliwo\u015b\u0107 przysz\u0142ej przemocy i nadu\u017cy\u0107, prowadz\u0105c ci\u0119 w celu zwi\u0119kszenia twojego bezpiecze\u0144stwa, niezale\u017cnie od tego, czy zdecydujesz si\u0119 pozosta\u0107 w zwi\u0105zku, czy te\u017c zdecydujesz si\u0119 odej\u015b\u0107.<\/p>","protected":false},"author":1,"featured_media":366,"parent":360,"menu_order":0,"comment_status":"closed","ping_status":"closed","template":"","meta":{"footnotes":""},"class_list":["post-361","page","type-page","status-publish","has-post-thumbnail","hentry"],"meta_box":[],"_links":{"self":[{"href":"https:\/\/www.derbyshiredomesticabusehelpline.co.uk\/pl\/wp-json\/wp\/v2\/pages\/361","targetHints":{"allow":["GET"]}}],"collection":[{"href":"https:\/\/www.derbyshiredomesticabusehelpline.co.uk\/pl\/wp-json\/wp\/v2\/pages"}],"about":[{"href":"https:\/\/www.derbyshiredomesticabusehelpline.co.uk\/pl\/wp-json\/wp\/v2\/types\/page"}],"author":[{"embeddable":true,"href":"https:\/\/www.derbyshiredomesticabusehelpline.co.uk\/pl\/wp-json\/wp\/v2\/users\/1"}],"replies":[{"embeddable":true,"href":"https:\/\/www.derbyshiredomesticabusehelpline.co.uk\/pl\/wp-json\/wp\/v2\/comments?post=361"}],"version-history":[{"count":0,"href":"https:\/\/www.derbyshiredomesticabusehelpline.co.uk\/pl\/wp-json\/wp\/v2\/pages\/361\/revisions"}],"up":[{"embeddable":true,"href":"https:\/\/www.derbyshiredomesticabusehelpline.co.uk\/pl\/wp-json\/wp\/v2\/pages\/360"}],"wp:featuredmedia":[{"embeddable":true,"href":"https:\/\/www.derbyshiredomesticabusehelpline.co.uk\/pl\/wp-json\/wp\/v2\/media\/366"}],"wp:attachment":[{"href":"https:\/\/www.derbyshiredomesticabusehelpline.co.uk\/pl\/wp-json\/wp\/v2\/media?parent=361"}],"curies":[{"name":"wp","href":"https:\/\/api.w.org\/{rel}","templated":true}]}}